{"id":5690,"date":"2024-06-18T09:33:07","date_gmt":"2024-06-18T04:03:07","guid":{"rendered":"http:\/\/wptemplate-blog-multi-fr.local\/?page_id=5690"},"modified":"2024-06-26T08:36:53","modified_gmt":"2024-06-26T03:06:53","slug":"plan-du-site","status":"publish","type":"page","link":"https:\/\/lepotagerdeloire.fr\/blog\/plan-du-site","title":{"rendered":"Plan du site"},"content":{"rendered":"\n<ul class=\"wp-block-list\">\n<li><div class=\"wsp-container\"><h2 class=\"wsp-posts-title\"><span class=\"ez-toc-section\" id=\"Articles-par-categorie\"><\/span>Articles par cat\u00e9gorie<span class=\"ez-toc-section-end\"><\/span><\/h2>\n<ul class=\"wsp-posts-list\">\n\t<li><strong class=\"wsp-category-title\">Cat\u00e9gorie\u00a0: <a href=\"https:\/\/lepotagerdeloire.fr\/blog\/category\/jardin\">Jardin<\/a><\/strong>\n<ul class=\"wsp-posts-list\">\t\t<li class=\"wsp-post\"><a href=\"https:\/\/lepotagerdeloire.fr\/blog\/maladie-laurier-rose-soin\">Comment traiter efficacement une maladie du laurier rose<\/a><\/li>\n\t\t<li class=\"wsp-post\"><a href=\"https:\/\/lepotagerdeloire.fr\/blog\/saison-recolte-figues\">Tout savoir sur la saison des figues et leur r\u00e9colte<\/a><\/li>\n\t\t<li class=\"wsp-post\"><a href=\"https:\/\/lepotagerdeloire.fr\/blog\/signification-pivert-jardin\">Comprendre la signification du pivert dans votre jardin<\/a><\/li>\n\t\t<li class=\"wsp-post\"><a href=\"https:\/\/lepotagerdeloire.fr\/blog\/inconvenients-catalpa\">Quels sont les inconv\u00e9nients du catalpa pour votre jardin ?<\/a><\/li>\n\t\t<li class=\"wsp-post\"><a href=\"https:\/\/lepotagerdeloire.fr\/blog\/anti-limace-bicarbonate\">L&rsquo;anti limace au bicarbonate est-il vraiment efficace ?<\/a><\/li>\n\t\t<li class=\"wsp-post\"><a href=\"https:\/\/lepotagerdeloire.fr\/blog\/trou-jardin-sans-monticule\">Identifier un trou dans le jardin sans monticule de terre<\/a><\/li>\n\t\t<li class=\"wsp-post\"><a href=\"https:\/\/lepotagerdeloire.fr\/blog\/pouzzolane-inconvenients\">Pouzzolane : inconv\u00e9nients et limites pour votre jardin<\/a><\/li>\n\t\t<li class=\"wsp-post\"><a href=\"https:\/\/lepotagerdeloire.fr\/blog\/crotte-rat-herisson\">Distinguer une crotte de rat ou de h\u00e9risson : le guide<\/a><\/li>\n\t\t<li class=\"wsp-post\"><a href=\"https:\/\/lepotagerdeloire.fr\/blog\/prune-sauvage-toxicite\">Comprendre la toxicit\u00e9 de la prune sauvage et ses noyaux<\/a><\/li>\n\t\t<li class=\"wsp-post\"><a href=\"https:\/\/lepotagerdeloire.fr\/blog\/paulownia-inconvenients\">Paulownia tomentosa : les inconv\u00e9nients de l&rsquo;arbre imp\u00e9rial<\/a><\/li>\n\t\t<li class=\"wsp-post\"><a href=\"https:\/\/lepotagerdeloire.fr\/blog\/inconvenients-chevrefeuille\">Quels sont les inconv\u00e9nients du ch\u00e8vrefeuille au jardin ?<\/a><\/li>\n\t\t<li class=\"wsp-post\"><a href=\"https:\/\/lepotagerdeloire.fr\/blog\/bignone-inconvenients\">Bignone inconv\u00e9nients : g\u00e9rer sa croissance et ses racines<\/a><\/li>\n\t\t<li class=\"wsp-post\"><a href=\"https:\/\/lepotagerdeloire.fr\/blog\/albizia-inconvenients\">Albizia : quels sont les inconv\u00e9nients pour votre jardin ?<\/a><\/li>\n\t\t<li class=\"wsp-post\"><a href=\"https:\/\/lepotagerdeloire.fr\/blog\/olivier-perd-feuilles\">Pourquoi votre olivier perd ses feuilles et comment r\u00e9agir<\/a><\/li>\n\t\t<li class=\"wsp-post\"><a href=\"https:\/\/lepotagerdeloire.fr\/blog\/pourpier-danger-toxicite\">Pourpier danger : anticiper les risques et les toxicit\u00e9s<\/a><\/li>\n\t\t<li class=\"wsp-post\"><a href=\"https:\/\/lepotagerdeloire.fr\/blog\/inconvenients-du-figuier\">Tout savoir sur chaque inconv\u00e9nient du figuier au jardin<\/a><\/li>\n\t\t<li class=\"wsp-post\"><a href=\"https:\/\/lepotagerdeloire.fr\/blog\/arbre-jade-signification\">L&rsquo;arbre de jade : sa signification et ses secrets de chance<\/a><\/li>\n\t\t<li class=\"wsp-post\"><a href=\"https:\/\/lepotagerdeloire.fr\/blog\/electromust-recours-aide\">Comprendre l&rsquo;affaire Electromust et les recours des clients<\/a><\/li>\n\t\t<li class=\"wsp-post\"><a href=\"https:\/\/lepotagerdeloire.fr\/blog\/vinaigre-blanc-desherbant\">La r\u00e9glementation du vinaigre blanc d\u00e9sherbant<\/a><\/li>\n\t\t<li class=\"wsp-post\"><a href=\"https:\/\/lepotagerdeloire.fr\/blog\/desherbant-naturel-racines\">Quel d\u00e9sherbant naturel pour racines choisir pour votre jardin<\/a><\/li>\n\t\t<li class=\"wsp-post\"><a href=\"https:\/\/lepotagerdeloire.fr\/blog\/cypres-les-inconvenients\">Cypr\u00e8s : inconv\u00e9nients et risques pour votre jardin<\/a><\/li>\n\t\t<li class=\"wsp-post\"><a href=\"https:\/\/lepotagerdeloire.fr\/blog\/alexandre-reant-moustique\">Le pi\u00e8ge \u00e0 moustiques d&rsquo;Alexandre R\u00e9ant : le Nomoz Pro<\/a><\/li>\n\t\t<li class=\"wsp-post\"><a href=\"https:\/\/lepotagerdeloire.fr\/blog\/eucalyptus-gunnii-risques\">Eucalyptus gunnii : les inconv\u00e9nients et risques majeurs<\/a><\/li>\n<\/ul><\/li>\n\t<li><strong class=\"wsp-category-title\">Cat\u00e9gorie\u00a0: <a href=\"https:\/\/lepotagerdeloire.fr\/blog\/category\/maison\">Maison<\/a><\/strong>\n<ul class=\"wsp-posts-list\">\t\t<li class=\"wsp-post\"><a href=\"https:\/\/lepotagerdeloire.fr\/blog\/fourmi-maison-signification\">Fourmi dans la maison : signification et symbolisme<\/a><\/li>\n\t\t<li class=\"wsp-post\"><a href=\"https:\/\/lepotagerdeloire.fr\/blog\/arbre-jade-chambre\">R\u00e9ussir l&rsquo;entretien d&rsquo;un arbre de jade dans une chambre<\/a><\/li>\n\t\t<li class=\"wsp-post\"><a href=\"https:\/\/lepotagerdeloire.fr\/blog\/asticot-maison-sens\">Asticot dans la maison : signification et solutions<\/a><\/li>\n<\/ul><\/li>\n\t<li><strong class=\"wsp-category-title\">Cat\u00e9gorie\u00a0: <a href=\"https:\/\/lepotagerdeloire.fr\/blog\/category\/travaux\">Travaux<\/a><\/strong>\n<ul class=\"wsp-posts-list\">\t\t<li class=\"wsp-post\"><a href=\"https:\/\/lepotagerdeloire.fr\/blog\/huile-lin-bois-danger\">Huile de lin : comprendre le danger et les risques en 2026<\/a><\/li>\n\t\t<li class=\"wsp-post\"><a href=\"https:\/\/lepotagerdeloire.fr\/blog\/remplacer-un-autoperceur\">Comment remplacer un robinet autoperceur ?<\/a><\/li>\n<\/ul><\/li>\n<\/ul>\n<\/div><\/li>\n\n\n\n<li><div class=\"wsp-container\"><h2 class=\"wsp-pages-title\"><span class=\"ez-toc-section\" id=\"Pages\"><\/span>Pages<span class=\"ez-toc-section-end\"><\/span><\/h2>\n<ul class=\"wsp-pages-list\">\n<li class=\"page_item page-item-4569 menu-item\"><a href=\"https:\/\/lepotagerdeloire.fr\/blog\/contact\" class=\"menu-link\">Contact<\/a><\/li>\n<li class=\"page_item page-item-5690 menu-item\"><a href=\"https:\/\/lepotagerdeloire.fr\/blog\/plan-du-site\" class=\"menu-link\">Plan du site<\/a><\/li>\n<li class=\"page_item page-item-4720 menu-item\"><a href=\"https:\/\/lepotagerdeloire.fr\/blog\/privacy-policy\" class=\"menu-link\">Privacy Policy<\/a><\/li>\n<\/ul>\n<\/div><\/li>\n<\/ul>\n","protected":false},"excerpt":{"rendered":"","protected":false},"author":4,"featured_media":0,"parent":0,"menu_order":0,"comment_status":"closed","ping_status":"closed","template":"","meta":{"_crdt_document":"","site-sidebar-layout":"default","site-content-layout":"","ast-site-content-layout":"default","site-content-style":"default","site-sidebar-style":"default","ast-global-header-display":"","ast-banner-title-visibility":"","ast-main-header-display":"","ast-hfb-above-header-display":"","ast-hfb-below-header-display":"","ast-hfb-mobile-header-display":"","site-post-title":"","ast-breadcrumbs-content":"","ast-featured-img":"","footer-sml-layout":"","ast-disable-related-posts":"","theme-transparent-header-meta":"","adv-header-id-meta":"","stick-header-meta":"","header-above-stick-meta":"","header-main-stick-meta":"","header-below-stick-meta":"","astra-migrate-meta-layouts":"default","ast-page-background-enabled":"default","ast-page-background-meta":{"desktop":{"background-color":"var(--ast-global-color-4)","background-image":"","background-repeat":"repeat","background-position":"center center","background-size":"auto","background-attachment":"scroll","background-type":"","background-media":"","overlay-type":"","overlay-color":"","overlay-opacity":"","overlay-gradient":""},"tablet":{"background-color":"","background-image":"","background-repeat":"repeat","background-position":"center center","background-size":"auto","background-attachment":"scroll","background-type":"","background-media":"","overlay-type":"","overlay-color":"","overlay-opacity":"","overlay-gradient":""},"mobile":{"background-color":"","background-image":"","background-repeat":"repeat","background-position":"center center","background-size":"auto","background-attachment":"scroll","background-type":"","background-media":"","overlay-type":"","overlay-color":"","overlay-opacity":"","overlay-gradient":""}},"ast-content-background-meta":{"desktop":{"background-color":"var(--ast-global-color-5)","background-image":"","background-repeat":"repeat","background-position":"center center","background-size":"auto","background-attachment":"scroll","background-type":"","background-media":"","overlay-type":"","overlay-color":"","overlay-opacity":"","overlay-gradient":""},"tablet":{"background-color":"var(--ast-global-color-5)","background-image":"","background-repeat":"repeat","background-position":"center center","background-size":"auto","background-attachment":"scroll","background-type":"","background-media":"","overlay-type":"","overlay-color":"","overlay-opacity":"","overlay-gradient":""},"mobile":{"background-color":"var(--ast-global-color-5)","background-image":"","background-repeat":"repeat","background-position":"center center","background-size":"auto","background-attachment":"scroll","background-type":"","background-media":"","overlay-type":"","overlay-color":"","overlay-opacity":"","overlay-gradient":""}},"footnotes":""},"class_list":["post-5690","page","type-page","status-publish","hentry"],"_links":{"self":[{"href":"https:\/\/lepotagerdeloire.fr\/blog\/wp-json\/wp\/v2\/pages\/5690","targetHints":{"allow":["GET"]}}],"collection":[{"href":"https:\/\/lepotagerdeloire.fr\/blog\/wp-json\/wp\/v2\/pages"}],"about":[{"href":"https:\/\/lepotagerdeloire.fr\/blog\/wp-json\/wp\/v2\/types\/page"}],"author":[{"embeddable":true,"href":"https:\/\/lepotagerdeloire.fr\/blog\/wp-json\/wp\/v2\/users\/4"}],"replies":[{"embeddable":true,"href":"https:\/\/lepotagerdeloire.fr\/blog\/wp-json\/wp\/v2\/comments?post=5690"}],"version-history":[{"count":0,"href":"https:\/\/lepotagerdeloire.fr\/blog\/wp-json\/wp\/v2\/pages\/5690\/revisions"}],"wp:attachment":[{"href":"https:\/\/lepotagerdeloire.fr\/blog\/wp-json\/wp\/v2\/media?parent=5690"}],"curies":[{"name":"wp","href":"https:\/\/api.w.org\/{rel}","templated":true}]}}